{"id":1395,"date":"2023-01-02T21:03:34","date_gmt":"2023-01-02T21:03:34","guid":{"rendered":"https:\/\/ravitut.se\/?page_id=1395"},"modified":"2024-03-31T18:44:27","modified_gmt":"2024-03-31T18:44:27","slug":"ravitutab","status":"publish","type":"page","link":"https:\/\/ravitut.se\/","title":{"rendered":"ravitutab"},"content":{"rendered":"\t\t<div data-elementor-type=\"wp-page\" data-elementor-id=\"1395\" class=\"elementor elementor-1395\" data-elementor-post-type=\"page\">\n\t\t\t\t\t\t<section class=\"elementor-section elementor-top-section elementor-element elementor-element-355b9f5 elementor-section-height-min-height elementor-section-boxed elementor-section-height-default elementor-section-items-middle\" data-id=\"355b9f5\" data-element_type=\"section\" data-e-type=\"section\" data-settings=\"{&quot;background_background&quot;:&quot;classic&quot;}\">\n\t\t\t\t\t\t<div class=\"elementor-container elementor-column-gap-default\">\n\t\t\t\t\t<div class=\"elementor-column elementor-col-100 elementor-top-column elementor-element elementor-element-d5cc907\" data-id=\"d5cc907\" data-element_type=\"column\" data-e-type=\"column\">\n\t\t\t<div class=\"elementor-widget-wrap\">\n\t\t\t\t\t\t\t<\/div>\n\t\t<\/div>\n\t\t\t\t\t<\/div>\n\t\t<\/section>\n\t\t\t\t<section class=\"elementor-section elementor-top-section elementor-element elementor-element-980b658 elementor-section-full_width elementor-section-stretched elementor-section-height-default elementor-section-height-default\" data-id=\"980b658\" data-element_type=\"section\" data-e-type=\"section\" data-settings=\"{&quot;stretch_section&quot;:&quot;section-stretched&quot;,&quot;background_background&quot;:&quot;gradient&quot;}\">\n\t\t\t\t\t\t\t<div class=\"elementor-background-overlay\"><\/div>\n\t\t\t\t\t\t\t<div class=\"elementor-container elementor-column-gap-default\">\n\t\t\t\t\t<div class=\"elementor-column elementor-col-100 elementor-top-column elementor-element elementor-element-51b05f8\" data-id=\"51b05f8\" data-element_type=\"column\" data-e-type=\"column\" data-settings=\"{&quot;background_background&quot;:&quot;gradient&quot;}\">\n\t\t\t<div class=\"elementor-widget-wrap elementor-element-populated\">\n\t\t\t\t\t\t<div class=\"elementor-element elementor-element-bfc6866 elementor-widget elementor-widget-heading\" data-id=\"bfc6866\" data-element_type=\"widget\" data-e-type=\"widget\" data-widget_type=\"heading.default\">\n\t\t\t\t<div class=\"elementor-widget-container\">\n\t\t\t\t\t<h2 class=\"elementor-heading-title elementor-size-default\">fr\u00e5ga &amp; boka p\u00e5 info@ravitut.se<\/h2>\t\t\t\t<\/div>\n\t\t\t\t<\/div>\n\t\t\t\t\t<\/div>\n\t\t<\/div>\n\t\t\t\t\t<\/div>\n\t\t<\/section>\n\t\t\t\t<section class=\"elementor-section elementor-top-section elementor-element elementor-element-794c33d elementor-section-full_width elementor-section-height-default elementor-section-height-default\" data-id=\"794c33d\" data-element_type=\"section\" data-e-type=\"section\">\n\t\t\t\t\t\t<div class=\"elementor-container elementor-column-gap-default\">\n\t\t\t\t\t<div class=\"elementor-column elementor-col-25 elementor-top-column elementor-element elementor-element-48a1d16\" data-id=\"48a1d16\" data-element_type=\"column\" data-e-type=\"column\">\n\t\t\t<div class=\"elementor-widget-wrap elementor-element-populated\">\n\t\t\t\t\t\t<div class=\"elementor-element elementor-element-f728b4c elementor-widget elementor-widget-image\" data-id=\"f728b4c\" data-element_type=\"widget\" data-e-type=\"widget\" data-widget_type=\"image.default\">\n\t\t\t\t<div class=\"elementor-widget-container\">\n\t\t\t\t\t\t\t\t\t\t\t\t<figure class=\"wp-caption\">\n\t\t\t\t\t\t\t\t\t\t<img decoding=\"async\" width=\"150\" height=\"150\" src=\"https:\/\/ravitut.se\/wp-content\/uploads\/2021\/01\/20190204_120502-150x150.jpg\" class=\"attachment-thumbnail size-thumbnail wp-image-358\" alt=\"\" srcset=\"https:\/\/ravitut.se\/wp-content\/uploads\/2021\/01\/20190204_120502-150x150.jpg 150w, https:\/\/ravitut.se\/wp-content\/uploads\/2021\/01\/20190204_120502-scaled-160x160.jpg 160w\" sizes=\"(max-width: 150px) 100vw, 150px\" \/>\t\t\t\t\t\t\t\t\t\t\t<figcaption class=\"widget-image-caption wp-caption-text\">UTBILDNING<\/figcaption>\n\t\t\t\t\t\t\t\t\t\t<\/figure>\n\t\t\t\t\t\t\t\t\t<\/div>\n\t\t\t\t<\/div>\n\t\t\t\t<div class=\"elementor-element elementor-element-040e53b elementor-widget elementor-widget-text-editor\" data-id=\"040e53b\" data-element_type=\"widget\" data-e-type=\"widget\" data-widget_type=\"text-editor.default\">\n\t\t\t\t<div class=\"elementor-widget-container\">\n\t\t\t\t\t\t\t\t\t<p style=\"text-align: center;\">Vi \u00e4r tv\u00e5 pedagoger som mer \u00e4n g\u00e4rna arbetar med att utbilda i bland annat natur- och friluftsteknik, teckenspr\u00e5k, hantverk, f\u00f6reningsutveckling mm.<br \/>skicka iv\u00e4g ett mail till oss s\u00e5 f\u00e5r du mer info om hur ett uppl\u00e4gg f\u00f6r er kan se ut.<\/p>\t\t\t\t\t\t\t\t<\/div>\n\t\t\t\t<\/div>\n\t\t\t\t<div class=\"elementor-element elementor-element-0ab88e7 elementor-button-success elementor-align-center elementor-widget elementor-widget-button\" data-id=\"0ab88e7\" data-element_type=\"widget\" data-e-type=\"widget\" data-widget_type=\"button.default\">\n\t\t\t\t<div class=\"elementor-widget-container\">\n\t\t\t\t\t\t\t\t\t<div class=\"elementor-button-wrapper\">\n\t\t\t\t\t<a class=\"elementor-button elementor-button-link elementor-size-xs\" href=\"mailto:info@ravitut.se\">\n\t\t\t\t\t\t<span class=\"elementor-button-content-wrapper\">\n\t\t\t\t\t\t\t\t\t<span class=\"elementor-button-text\">info@ravitut.se<\/span>\n\t\t\t\t\t<\/span>\n\t\t\t\t\t<\/a>\n\t\t\t\t<\/div>\n\t\t\t\t\t\t\t\t<\/div>\n\t\t\t\t<\/div>\n\t\t\t\t\t<\/div>\n\t\t<\/div>\n\t\t\t\t<div class=\"elementor-column elementor-col-25 elementor-top-column elementor-element elementor-element-d9bc21b\" data-id=\"d9bc21b\" data-element_type=\"column\" data-e-type=\"column\">\n\t\t\t<div class=\"elementor-widget-wrap elementor-element-populated\">\n\t\t\t\t\t\t<div class=\"elementor-element elementor-element-bd359ed elementor-widget elementor-widget-image\" data-id=\"bd359ed\" data-element_type=\"widget\" data-e-type=\"widget\" data-widget_type=\"image.default\">\n\t\t\t\t<div class=\"elementor-widget-container\">\n\t\t\t\t\t\t\t\t\t\t\t\t<figure class=\"wp-caption\">\n\t\t\t\t\t\t\t\t\t\t<img decoding=\"async\" width=\"150\" height=\"150\" src=\"https:\/\/ravitut.se\/wp-content\/uploads\/2023\/01\/20221127_192706-150x150.jpg\" class=\"attachment-thumbnail size-thumbnail wp-image-1416\" alt=\"\" srcset=\"https:\/\/ravitut.se\/wp-content\/uploads\/2023\/01\/20221127_192706-150x150.jpg 150w, https:\/\/ravitut.se\/wp-content\/uploads\/2023\/01\/20221127_192706-160x160.jpg 160w\" sizes=\"(max-width: 150px) 100vw, 150px\" \/>\t\t\t\t\t\t\t\t\t\t\t<figcaption class=\"widget-image-caption wp-caption-text\">UTHYRNING<\/figcaption>\n\t\t\t\t\t\t\t\t\t\t<\/figure>\n\t\t\t\t\t\t\t\t\t<\/div>\n\t\t\t\t<\/div>\n\t\t\t\t<div class=\"elementor-element elementor-element-3adae2c elementor-widget elementor-widget-text-editor\" data-id=\"3adae2c\" data-element_type=\"widget\" data-e-type=\"widget\" data-widget_type=\"text-editor.default\">\n\t\t\t\t<div class=\"elementor-widget-container\">\n\t\t\t\t\t\t\t\t\t<p><strong>Vi har t\u00e4ltk\u00e5tor fr\u00e5n Tentipi<\/strong> f\u00f6r dig som vill skapa en unik milj\u00f6 och atmosf\u00e4r p\u00e5 din fest, ditt event, din uteservering, ditt klassrum, din konferens osv&#8230; T\u00e4ltk\u00e5tor \u00e4r rum som sticker ut och syns tack vare sitt material och finesser!<br \/>M\u00f6jligheternas t\u00e4lt \u00e4r bara ett klick bort!<\/p>\t\t\t\t\t\t\t\t<\/div>\n\t\t\t\t<\/div>\n\t\t\t\t<div class=\"elementor-element elementor-element-c32fac0 elementor-button-success elementor-align-center elementor-widget elementor-widget-button\" data-id=\"c32fac0\" data-element_type=\"widget\" data-e-type=\"widget\" data-widget_type=\"button.default\">\n\t\t\t\t<div class=\"elementor-widget-container\">\n\t\t\t\t\t\t\t\t\t<div class=\"elementor-button-wrapper\">\n\t\t\t\t\t<a class=\"elementor-button elementor-button-link elementor-size-xs\" href=\"https:\/\/ravitut.se\/index.php\/undersida\/uthyrning\/\">\n\t\t\t\t\t\t<span class=\"elementor-button-content-wrapper\">\n\t\t\t\t\t\t\t\t\t<span class=\"elementor-button-text\">Boka ditt t\u00e4lt h\u00e4r!<\/span>\n\t\t\t\t\t<\/span>\n\t\t\t\t\t<\/a>\n\t\t\t\t<\/div>\n\t\t\t\t\t\t\t\t<\/div>\n\t\t\t\t<\/div>\n\t\t\t\t\t<\/div>\n\t\t<\/div>\n\t\t\t\t<div class=\"elementor-column elementor-col-25 elementor-top-column elementor-element elementor-element-2f2f985\" data-id=\"2f2f985\" data-element_type=\"column\" data-e-type=\"column\">\n\t\t\t<div class=\"elementor-widget-wrap elementor-element-populated\">\n\t\t\t\t\t\t<div class=\"elementor-element elementor-element-f28368a elementor-widget elementor-widget-image\" data-id=\"f28368a\" data-element_type=\"widget\" data-e-type=\"widget\" data-widget_type=\"image.default\">\n\t\t\t\t<div class=\"elementor-widget-container\">\n\t\t\t\t\t\t\t\t\t\t\t\t<figure class=\"wp-caption\">\n\t\t\t\t\t\t\t\t\t\t<img decoding=\"async\" width=\"150\" height=\"150\" src=\"https:\/\/ravitut.se\/wp-content\/uploads\/2024\/02\/20231012_151251-150x150.jpg\" class=\"attachment-thumbnail size-thumbnail wp-image-1764\" alt=\"\" srcset=\"https:\/\/ravitut.se\/wp-content\/uploads\/2024\/02\/20231012_151251-150x150.jpg 150w, https:\/\/ravitut.se\/wp-content\/uploads\/2024\/02\/20231012_151251-160x160.jpg 160w\" sizes=\"(max-width: 150px) 100vw, 150px\" \/>\t\t\t\t\t\t\t\t\t\t\t<figcaption class=\"widget-image-caption wp-caption-text\">UTMANING<\/figcaption>\n\t\t\t\t\t\t\t\t\t\t<\/figure>\n\t\t\t\t\t\t\t\t\t<\/div>\n\t\t\t\t<\/div>\n\t\t\t\t<div class=\"elementor-element elementor-element-d0f4ade elementor-widget elementor-widget-text-editor\" data-id=\"d0f4ade\" data-element_type=\"widget\" data-e-type=\"widget\" data-widget_type=\"text-editor.default\">\n\t\t\t\t<div class=\"elementor-widget-container\">\n\t\t\t\t\t\t\t\t\t<p><span>Vi skapar mer \u00e4n g\u00e4rna\u00a0 aktiviteter efter kund och plats och \u00e4r sj\u00e4lvklart \u00f6ppna f\u00f6r \u00f6nskem\u00e5l\u00a0kring uppl\u00e4gg.<\/span><span><br \/>Vi har \u00e4ven f\u00e4rdiga aktivitetsf\u00f6rslag som passar b\u00e5de stora som mindre grupper p\u00e5 konferens, fest, barnkalas, eller event&#8230;.<\/span><\/p>\t\t\t\t\t\t\t\t<\/div>\n\t\t\t\t<\/div>\n\t\t\t\t<div class=\"elementor-element elementor-element-fc3dc6c elementor-button-success elementor-align-center elementor-widget elementor-widget-button\" data-id=\"fc3dc6c\" data-element_type=\"widget\" data-e-type=\"widget\" data-widget_type=\"button.default\">\n\t\t\t\t<div class=\"elementor-widget-container\">\n\t\t\t\t\t\t\t\t\t<div class=\"elementor-button-wrapper\">\n\t\t\t\t\t<a class=\"elementor-button elementor-button-link elementor-size-xs\" href=\"https:\/\/ravitut.se\/index.php\/aktiviteter\/\">\n\t\t\t\t\t\t<span class=\"elementor-button-content-wrapper\">\n\t\t\t\t\t\t\t\t\t<span class=\"elementor-button-text\">Aktiviteter hittas h\u00e4r!<\/span>\n\t\t\t\t\t<\/span>\n\t\t\t\t\t<\/a>\n\t\t\t\t<\/div>\n\t\t\t\t\t\t\t\t<\/div>\n\t\t\t\t<\/div>\n\t\t\t\t\t<\/div>\n\t\t<\/div>\n\t\t\t\t<div class=\"elementor-column elementor-col-25 elementor-top-column elementor-element elementor-element-67b6871\" data-id=\"67b6871\" data-element_type=\"column\" data-e-type=\"column\">\n\t\t\t<div class=\"elementor-widget-wrap elementor-element-populated\">\n\t\t\t\t\t\t<div class=\"elementor-element elementor-element-3a2ed0e elementor-widget elementor-widget-image\" data-id=\"3a2ed0e\" data-element_type=\"widget\" data-e-type=\"widget\" data-widget_type=\"image.default\">\n\t\t\t\t<div class=\"elementor-widget-container\">\n\t\t\t\t\t\t\t\t\t\t\t\t<figure class=\"wp-caption\">\n\t\t\t\t\t\t\t\t\t\t<img loading=\"lazy\" decoding=\"async\" width=\"150\" height=\"150\" src=\"https:\/\/ravitut.se\/wp-content\/uploads\/2022\/01\/20210427_104904-150x150.jpg\" class=\"attachment-thumbnail size-thumbnail wp-image-1169\" alt=\"\" srcset=\"https:\/\/ravitut.se\/wp-content\/uploads\/2022\/01\/20210427_104904-150x150.jpg 150w, https:\/\/ravitut.se\/wp-content\/uploads\/2022\/01\/20210427_104904-160x160.jpg 160w\" sizes=\"(max-width: 150px) 100vw, 150px\" \/>\t\t\t\t\t\t\t\t\t\t\t<figcaption class=\"widget-image-caption wp-caption-text\">UTE<\/figcaption>\n\t\t\t\t\t\t\t\t\t\t<\/figure>\n\t\t\t\t\t\t\t\t\t<\/div>\n\t\t\t\t<\/div>\n\t\t\t\t<div class=\"elementor-element elementor-element-ab69d07 elementor-widget elementor-widget-text-editor\" data-id=\"ab69d07\" data-element_type=\"widget\" data-e-type=\"widget\" data-widget_type=\"text-editor.default\">\n\t\t\t\t<div class=\"elementor-widget-container\">\n\t\t\t\t\t\t\t\t\t<p style=\"text-align: center;\">Vi som driver Ravitut \u00e4lskar att vara ute. Vi har tillsammans m\u00e5ng\u00e5rig kunskap och erfarenhet av undervisning, friluftsliv, guidning och att jobba med m\u00e4nniskor i grupp p\u00e5 olika s\u00e4tt vilket vi tar med oss in i alla delar av Ravitut!<\/p>\t\t\t\t\t\t\t\t<\/div>\n\t\t\t\t<\/div>\n\t\t\t\t<div class=\"elementor-element elementor-element-0209fa5 elementor-button-success elementor-align-center elementor-widget elementor-widget-button\" data-id=\"0209fa5\" data-element_type=\"widget\" data-e-type=\"widget\" data-widget_type=\"button.default\">\n\t\t\t\t<div class=\"elementor-widget-container\">\n\t\t\t\t\t\t\t\t\t<div class=\"elementor-button-wrapper\">\n\t\t\t\t\t<a class=\"elementor-button elementor-button-link elementor-size-xs\" href=\"https:\/\/ravitut.se\/index.php\/omoss\/\">\n\t\t\t\t\t\t<span class=\"elementor-button-content-wrapper\">\n\t\t\t\t\t\t\t\t\t<span class=\"elementor-button-text\">Vilka \u00e4r vi<\/span>\n\t\t\t\t\t<\/span>\n\t\t\t\t\t<\/a>\n\t\t\t\t<\/div>\n\t\t\t\t\t\t\t\t<\/div>\n\t\t\t\t<\/div>\n\t\t\t\t\t<\/div>\n\t\t<\/div>\n\t\t\t\t\t<\/div>\n\t\t<\/section>\n\t\t\t\t<section class=\"elementor-section elementor-top-section elementor-element elementor-element-5fc31d0 elementor-section-full_width elementor-section-height-default elementor-section-height-default\" data-id=\"5fc31d0\" data-element_type=\"section\" data-e-type=\"section\">\n\t\t\t\t\t\t<div class=\"elementor-container elementor-column-gap-default\">\n\t\t\t\t\t<div class=\"elementor-column elementor-col-100 elementor-top-column elementor-element elementor-element-0810466\" data-id=\"0810466\" data-element_type=\"column\" data-e-type=\"column\">\n\t\t\t<div class=\"elementor-widget-wrap elementor-element-populated\">\n\t\t\t\t\t\t<div class=\"elementor-element elementor-element-850a176 elementor-widget elementor-widget-image\" data-id=\"850a176\" data-element_type=\"widget\" data-e-type=\"widget\" data-widget_type=\"image.default\">\n\t\t\t\t<div class=\"elementor-widget-container\">\n\t\t\t\t\t\t\t\t\t\t\t\t\t\t\t<img loading=\"lazy\" decoding=\"async\" width=\"2642\" height=\"448\" src=\"https:\/\/ravitut.se\/wp-content\/uploads\/2023\/03\/skog.png\" class=\"attachment-full size-full wp-image-1596\" alt=\"\" srcset=\"https:\/\/ravitut.se\/wp-content\/uploads\/2023\/03\/skog.png 2642w, https:\/\/ravitut.se\/wp-content\/uploads\/2023\/03\/skog-300x51.png 300w, https:\/\/ravitut.se\/wp-content\/uploads\/2023\/03\/skog-1024x174.png 1024w, https:\/\/ravitut.se\/wp-content\/uploads\/2023\/03\/skog-768x130.png 768w, https:\/\/ravitut.se\/wp-content\/uploads\/2023\/03\/skog-1536x260.png 1536w, https:\/\/ravitut.se\/wp-content\/uploads\/2023\/03\/skog-2048x347.png 2048w, https:\/\/ravitut.se\/wp-content\/uploads\/2023\/03\/skog-600x102.png 600w\" sizes=\"(max-width: 2642px) 100vw, 2642px\" \/>\t\t\t\t\t\t\t\t\t\t\t\t\t\t\t<\/div>\n\t\t\t\t<\/div>\n\t\t\t\t\t<\/div>\n\t\t<\/div>\n\t\t\t\t\t<\/div>\n\t\t<\/section>\n\t\t\t\t<\/div>\n\t\t","protected":false},"excerpt":{"rendered":"<p>fr\u00e5ga &#038; boka p\u00e5 info@ravitut.se UTBILDNING Vi \u00e4r tv\u00e5 pedagoger som mer \u00e4n g\u00e4rna arbetar med att utbilda i bland annat natur- och friluftsteknik, teckenspr\u00e5k, musik, hantverk f\u00f6reningsutveckling mm.Livet e lite f\u00f6r kort f\u00f6r att inte utbildas mera tycker vi! L\u00e4s mer h\u00e4r UTHYRNING Vi har t\u00e4ltk\u00e5tor f\u00f6r dig som [&hellip;]<\/p>\n","protected":false},"author":1,"featured_media":0,"parent":0,"menu_order":0,"comment_status":"closed","ping_status":"closed","template":"","meta":{"footnotes":""},"class_list":["post-1395","page","type-page","status-publish","hentry"],"_links":{"self":[{"href":"https:\/\/ravitut.se\/index.php\/wp-json\/wp\/v2\/pages\/1395","targetHints":{"allow":["GET"]}}],"collection":[{"href":"https:\/\/ravitut.se\/index.php\/wp-json\/wp\/v2\/pages"}],"about":[{"href":"https:\/\/ravitut.se\/index.php\/wp-json\/wp\/v2\/types\/page"}],"author":[{"embeddable":true,"href":"https:\/\/ravitut.se\/index.php\/wp-json\/wp\/v2\/users\/1"}],"replies":[{"embeddable":true,"href":"https:\/\/ravitut.se\/index.php\/wp-json\/wp\/v2\/comments?post=1395"}],"version-history":[{"count":132,"href":"https:\/\/ravitut.se\/index.php\/wp-json\/wp\/v2\/pages\/1395\/revisions"}],"predecessor-version":[{"id":1918,"href":"https:\/\/ravitut.se\/index.php\/wp-json\/wp\/v2\/pages\/1395\/revisions\/1918"}],"wp:attachment":[{"href":"https:\/\/ravitut.se\/index.php\/wp-json\/wp\/v2\/media?parent=1395"}],"curies":[{"name":"wp","href":"https:\/\/api.w.org\/{rel}","templated":true}]}}