{"id":1454,"date":"2023-01-11T20:47:52","date_gmt":"2023-01-11T20:47:52","guid":{"rendered":"https:\/\/ravitut.se\/?page_id=1454"},"modified":"2023-01-11T21:06:04","modified_gmt":"2023-01-11T21:06:04","slug":"utbildning","status":"publish","type":"page","link":"https:\/\/ravitut.se\/index.php\/undersida\/utbildning\/","title":{"rendered":"Utbildning"},"content":{"rendered":"\t\t<div data-elementor-type=\"wp-page\" data-elementor-id=\"1454\" class=\"elementor elementor-1454\" data-elementor-post-type=\"page\">\n\t\t\t\t\t\t<section class=\"elementor-section elementor-top-section elementor-element elementor-element-4609225 elementor-section-full_width elementor-section-stretched elementor-section-height-default elementor-section-height-default\" data-id=\"4609225\" data-element_type=\"section\" data-e-type=\"section\" data-settings=\"{&quot;stretch_section&quot;:&quot;section-stretched&quot;}\">\n\t\t\t\t\t\t<div class=\"elementor-container elementor-column-gap-default\">\n\t\t\t\t\t<div class=\"elementor-column elementor-col-100 elementor-top-column elementor-element elementor-element-c63e7ae\" data-id=\"c63e7ae\" data-element_type=\"column\" data-e-type=\"column\">\n\t\t\t<div class=\"elementor-widget-wrap elementor-element-populated\">\n\t\t\t\t\t\t<div class=\"elementor-element elementor-element-d5f2a36 elementor-widget elementor-widget-image\" data-id=\"d5f2a36\" data-element_type=\"widget\" data-e-type=\"widget\" data-widget_type=\"image.default\">\n\t\t\t\t<div class=\"elementor-widget-container\">\n\t\t\t\t\t\t\t\t\t\t\t\t\t\t\t<img fetchpriority=\"high\" decoding=\"async\" width=\"2560\" height=\"1211\" src=\"https:\/\/ravitut.se\/wp-content\/uploads\/2021\/05\/20210519_090946-scaled.jpg\" class=\"attachment-full size-full wp-image-1131\" alt=\"\" srcset=\"https:\/\/ravitut.se\/wp-content\/uploads\/2021\/05\/20210519_090946-scaled.jpg 2560w, https:\/\/ravitut.se\/wp-content\/uploads\/2021\/05\/20210519_090946-300x142.jpg 300w, https:\/\/ravitut.se\/wp-content\/uploads\/2021\/05\/20210519_090946-1024x485.jpg 1024w, https:\/\/ravitut.se\/wp-content\/uploads\/2021\/05\/20210519_090946-768x363.jpg 768w, https:\/\/ravitut.se\/wp-content\/uploads\/2021\/05\/20210519_090946-1536x727.jpg 1536w, https:\/\/ravitut.se\/wp-content\/uploads\/2021\/05\/20210519_090946-2048x969.jpg 2048w, https:\/\/ravitut.se\/wp-content\/uploads\/2021\/05\/20210519_090946-600x284.jpg 600w\" sizes=\"(max-width: 2560px) 100vw, 2560px\" \/>\t\t\t\t\t\t\t\t\t\t\t\t\t\t\t<\/div>\n\t\t\t\t<\/div>\n\t\t\t\t<div class=\"elementor-element elementor-element-0d13221 elementor-widget elementor-widget-heading\" data-id=\"0d13221\" data-element_type=\"widget\" data-e-type=\"widget\" data-widget_type=\"heading.default\">\n\t\t\t\t<div class=\"elementor-widget-container\">\n\t\t\t\t\t<h2 class=\"elementor-heading-title elementor-size-xxl\">UTBILDNING<\/h2>\t\t\t\t<\/div>\n\t\t\t\t<\/div>\n\t\t\t\t\t<\/div>\n\t\t<\/div>\n\t\t\t\t\t<\/div>\n\t\t<\/section>\n\t\t\t\t<section class=\"elementor-section elementor-top-section elementor-element elementor-element-bcb7ec8 elementor-section-boxed elementor-section-height-default elementor-section-height-default\" data-id=\"bcb7ec8\" data-element_type=\"section\" data-e-type=\"section\">\n\t\t\t\t\t\t<div class=\"elementor-container elementor-column-gap-default\">\n\t\t\t\t\t<div class=\"elementor-column elementor-col-100 elementor-top-column elementor-element elementor-element-76a402a\" data-id=\"76a402a\" data-element_type=\"column\" data-e-type=\"column\">\n\t\t\t<div class=\"elementor-widget-wrap elementor-element-populated\">\n\t\t\t\t\t\t<div class=\"elementor-element elementor-element-2ca3827 elementor-widget elementor-widget-text-editor\" data-id=\"2ca3827\" data-element_type=\"widget\" data-e-type=\"widget\" data-widget_type=\"text-editor.default\">\n\t\t\t\t<div class=\"elementor-widget-container\">\n\t\t\t\t\t\t\t\t\t<p style=\"text-align: center;\">Finns det n\u00e5got b\u00e4ttre \u00e4n att f\u00e5 utbilda eller att utbildas.<br \/>B\u00e5de John och Lottie p\u00e5 Ravitut har m\u00e5ng\u00e5rig erfarenhet av utbildning inom olika verksamhetsomr\u00e5den.<\/p>\t\t\t\t\t\t\t\t<\/div>\n\t\t\t\t<\/div>\n\t\t\t\t\t<\/div>\n\t\t<\/div>\n\t\t\t\t\t<\/div>\n\t\t<\/section>\n\t\t\t\t<\/div>\n\t\t","protected":false},"excerpt":{"rendered":"<p>UTBILDNING Finns det n\u00e5got b\u00e4ttre \u00e4n att f\u00e5 utbilda eller att utbildas.B\u00e5de John och Lottie p\u00e5 Ravitut har m\u00e5ng\u00e5rig erfarenhet av utbildning inom olika verksamhetsomr\u00e5den.<\/p>\n","protected":false},"author":1,"featured_media":0,"parent":1447,"menu_order":0,"comment_status":"closed","ping_status":"closed","template":"page-templates\/template-pagebuilder-full-width.php","meta":{"footnotes":""},"class_list":["post-1454","page","type-page","status-publish","hentry"],"_links":{"self":[{"href":"https:\/\/ravitut.se\/index.php\/wp-json\/wp\/v2\/pages\/1454","targetHints":{"allow":["GET"]}}],"collection":[{"href":"https:\/\/ravitut.se\/index.php\/wp-json\/wp\/v2\/pages"}],"about":[{"href":"https:\/\/ravitut.se\/index.php\/wp-json\/wp\/v2\/types\/page"}],"author":[{"embeddable":true,"href":"https:\/\/ravitut.se\/index.php\/wp-json\/wp\/v2\/users\/1"}],"replies":[{"embeddable":true,"href":"https:\/\/ravitut.se\/index.php\/wp-json\/wp\/v2\/comments?post=1454"}],"version-history":[{"count":12,"href":"https:\/\/ravitut.se\/index.php\/wp-json\/wp\/v2\/pages\/1454\/revisions"}],"predecessor-version":[{"id":1470,"href":"https:\/\/ravitut.se\/index.php\/wp-json\/wp\/v2\/pages\/1454\/revisions\/1470"}],"up":[{"embeddable":true,"href":"https:\/\/ravitut.se\/index.php\/wp-json\/wp\/v2\/pages\/1447"}],"wp:attachment":[{"href":"https:\/\/ravitut.se\/index.php\/wp-json\/wp\/v2\/media?parent=1454"}],"curies":[{"name":"wp","href":"https:\/\/api.w.org\/{rel}","templated":true}]}}