{"id":872,"date":"2021-03-13T13:44:06","date_gmt":"2021-03-13T13:44:06","guid":{"rendered":"https:\/\/ravitut.se\/?page_id=872"},"modified":"2023-05-03T18:47:20","modified_gmt":"2023-05-03T18:47:20","slug":"uthyrning","status":"publish","type":"page","link":"https:\/\/ravitut.se\/index.php\/undersida\/uthyrning\/","title":{"rendered":"Uthyrning"},"content":{"rendered":"\t\t<div data-elementor-type=\"wp-page\" data-elementor-id=\"872\" class=\"elementor elementor-872\" data-elementor-post-type=\"page\">\n\t\t\t\t\t\t<section class=\"elementor-section elementor-top-section elementor-element elementor-element-9b9c976 elementor-section-full_width elementor-section-height-default elementor-section-height-default\" data-id=\"9b9c976\" data-element_type=\"section\" data-e-type=\"section\">\n\t\t\t\t\t\t<div class=\"elementor-container elementor-column-gap-narrow\">\n\t\t\t\t\t<div class=\"elementor-column elementor-col-100 elementor-top-column elementor-element elementor-element-6307c65\" data-id=\"6307c65\" data-element_type=\"column\" data-e-type=\"column\">\n\t\t\t<div class=\"elementor-widget-wrap elementor-element-populated\">\n\t\t\t\t\t\t<div class=\"elementor-element elementor-element-721099c elementor-widget elementor-widget-heading\" data-id=\"721099c\" data-element_type=\"widget\" data-e-type=\"widget\" data-widget_type=\"heading.default\">\n\t\t\t\t<div class=\"elementor-widget-container\">\n\t\t\t\t\t<h2 class=\"elementor-heading-title elementor-size-default\">Hyr Tentipis eventt\u00e4ltk\u00e5tor fr\u00e5n oss!<\/h2>\t\t\t\t<\/div>\n\t\t\t\t<\/div>\n\t\t\t\t\t<\/div>\n\t\t<\/div>\n\t\t\t\t\t<\/div>\n\t\t<\/section>\n\t\t\t\t<section class=\"elementor-section elementor-top-section elementor-element elementor-element-59f4e24 elementor-section-boxed elementor-section-height-default elementor-section-height-default\" data-id=\"59f4e24\" data-element_type=\"section\" data-e-type=\"section\">\n\t\t\t\t\t\t<div class=\"elementor-container elementor-column-gap-default\">\n\t\t\t\t\t<div class=\"elementor-column elementor-col-100 elementor-top-column elementor-element elementor-element-3ac78d6\" data-id=\"3ac78d6\" data-element_type=\"column\" data-e-type=\"column\">\n\t\t\t<div class=\"elementor-widget-wrap elementor-element-populated\">\n\t\t\t\t\t\t<div class=\"elementor-element elementor-element-6e85407 elementor-blockquote--skin-boxed elementor-blockquote--align-center elementor-widget__width-inherit elementor-widget elementor-widget-blockquote\" data-id=\"6e85407\" data-element_type=\"widget\" data-e-type=\"widget\" data-widget_type=\"blockquote.default\">\n\t\t\t\t<div class=\"elementor-widget-container\">\n\t\t\t\t\t\t\t<blockquote class=\"elementor-blockquote\">\n\t\t\t<p class=\"elementor-blockquote__content\">\n\t\t\t\t\"Vi anlitade Ravitut i samband med v\u00e5r br\u00f6llopsfest hemma i v\u00e5r tr\u00e4dg\u00e5rd. T\u00e4ltet fungerade alldeles utm\u00e4rkt f\u00f6r b\u00e5de middag och dans, en riktig succ\u00e9! M\u00f6jligheten att kunna \u00f6ppna upp t\u00e4ltet ut mot tr\u00e4dg\u00e5rden f\u00f6r att sedan kunna st\u00e4nga det n\u00e4r kylan kom uppskattades verkligen. Kontakten med Ravitut var enkel och smidig fr\u00e5n dag ett. Lyh\u00f6rda, punktliga och tillm\u00f6tesg\u00e5ende. Ravitut levererade och satte upp t\u00e4ltet p\u00e5 n\u00e5gra timmar, f\u00f6r att sedan montera ner det dagen efter v\u00e5rt br\u00f6llop. Vid n\u00e4sta tr\u00e4dg\u00e5rdsfest kommer detta t\u00e4lt ha en given plats!\"\t\t\t<\/p>\n\t\t\t\t\t\t\t<div class=\"e-q-footer\">\n\t\t\t\t\t\t\t\t\t\t\t<cite class=\"elementor-blockquote__author\">Per H<\/cite>\n\t\t\t\t\t\t\t\t\t\t\t\t\t\t<\/div>\n\t\t\t\t\t<\/blockquote>\n\t\t\t\t\t\t<\/div>\n\t\t\t\t<\/div>\n\t\t\t\t\t<\/div>\n\t\t<\/div>\n\t\t\t\t\t<\/div>\n\t\t<\/section>\n\t\t\t\t<section class=\"elementor-section elementor-top-section elementor-element elementor-element-f27758e elementor-section-boxed elementor-section-height-default elementor-section-height-default\" data-id=\"f27758e\" data-element_type=\"section\" data-e-type=\"section\">\n\t\t\t\t\t\t<div class=\"elementor-container elementor-column-gap-default\">\n\t\t\t\t\t<div class=\"elementor-column elementor-col-50 elementor-top-column elementor-element elementor-element-bb6835c\" data-id=\"bb6835c\" data-element_type=\"column\" data-e-type=\"column\">\n\t\t\t<div class=\"elementor-widget-wrap elementor-element-populated\">\n\t\t\t\t\t\t<div class=\"elementor-element elementor-element-acd9d9b elementor-widget__width-initial elementor-widget elementor-widget-text-editor\" data-id=\"acd9d9b\" data-element_type=\"widget\" data-e-type=\"widget\" data-widget_type=\"text-editor.default\">\n\t\t\t\t<div class=\"elementor-widget-container\">\n\t\t\t\t\t\t\t\t\t<p align=\"center\" style=\"text-align: center;\">Ett t\u00e4lt med M\u00e5nga m\u00f6jligheter!<\/p><p align=\"center\" style=\"text-align: left;\">Stratus-72 har plats f\u00f6r upp till 72 sittande i nedf\u00e4llt l\u00e4ge, men med uppf\u00e4llda sidor eller ihopkopplad med \u00e4nnu fler t\u00e4lt finns h\u00e4r plats f\u00f6r flera hundra personer.<br \/>T\u00e4ltet \u00e4r 10,3 m i diameter och hela 83 kvm till ytan sett. I nedf\u00e4llt l\u00e4ge finns det plats f\u00f6r upp till 9 bord (70&#215;200) och 72 personer men mest optimalt sitter man runt 60 personer i t\u00e4ltet.<o:p><\/o:p><\/p><p><\/p><p><\/p>\t\t\t\t\t\t\t\t<\/div>\n\t\t\t\t<\/div>\n\t\t\t\t<div class=\"elementor-element elementor-element-846eabc elementor-widget__width-inherit elementor-widget elementor-widget-image\" data-id=\"846eabc\" data-element_type=\"widget\" data-e-type=\"widget\" data-widget_type=\"image.default\">\n\t\t\t\t<div class=\"elementor-widget-container\">\n\t\t\t\t\t\t\t\t\t\t\t\t\t\t\t<img fetchpriority=\"high\" decoding=\"async\" width=\"879\" height=\"591\" src=\"https:\/\/ravitut.se\/wp-content\/uploads\/2022\/08\/Screenshot_20220709-085729_Facebook-e1701029875492.jpg\" class=\"attachment-full size-full wp-image-1364\" alt=\"\" \/>\t\t\t\t\t\t\t\t\t\t\t\t\t\t\t<\/div>\n\t\t\t\t<\/div>\n\t\t\t\t<div class=\"elementor-element elementor-element-a71c59a elementor-widget__width-initial elementor-widget elementor-widget-text-editor\" data-id=\"a71c59a\" data-element_type=\"widget\" data-e-type=\"widget\" data-widget_type=\"text-editor.default\">\n\t\t\t\t<div class=\"elementor-widget-container\">\n\t\t\t\t\t\t\t\t\t<p align=\"center\"><\/p><p align=\"center\" style=\"text-align: center;\">Tror ni det \u00e4r slut d\u00e4r?<\/p><p align=\"center\" style=\"text-align: left;\">S\u00e5klart inte, det finns fler m\u00f6jligheter. Med en p\u00e5kopplad Wallflex skapar vi en entr\u00e9 med f\u00f6nster och med en Linkflex kopplar vi ihop flera t\u00e4lt med varandra.<br \/>S\u00e5 \u00e4r ni flera hundra som vill sitta i samma lokal eller ha festligheter i ena delen och dansgolv i andra s\u00e5 \u00e4r det ett sammankopplat t\u00e4lt ni ska ha!<o:p><\/o:p><\/p><p><\/p>\t\t\t\t\t\t\t\t<\/div>\n\t\t\t\t<\/div>\n\t\t\t\t\t<\/div>\n\t\t<\/div>\n\t\t\t\t<div class=\"elementor-column elementor-col-50 elementor-top-column elementor-element elementor-element-5c2857d\" data-id=\"5c2857d\" data-element_type=\"column\" data-e-type=\"column\">\n\t\t\t<div class=\"elementor-widget-wrap elementor-element-populated\">\n\t\t\t\t\t\t<div class=\"elementor-element elementor-element-7729447 elementor-widget__width-inherit elementor-widget elementor-widget-image\" data-id=\"7729447\" data-element_type=\"widget\" data-e-type=\"widget\" data-widget_type=\"image.default\">\n\t\t\t\t<div class=\"elementor-widget-container\">\n\t\t\t\t\t\t\t\t\t\t\t\t\t\t\t<img decoding=\"async\" width=\"960\" height=\"720\" src=\"https:\/\/ravitut.se\/wp-content\/uploads\/2023\/01\/20221006_104427-scaled-e1701029727773.jpg\" class=\"attachment-full size-full wp-image-1405\" alt=\"\" \/>\t\t\t\t\t\t\t\t\t\t\t\t\t\t\t<\/div>\n\t\t\t\t<\/div>\n\t\t\t\t<div class=\"elementor-element elementor-element-2d5af5e elementor-widget__width-initial elementor-widget elementor-widget-text-editor\" data-id=\"2d5af5e\" data-element_type=\"widget\" data-e-type=\"widget\" data-widget_type=\"text-editor.default\">\n\t\t\t\t<div class=\"elementor-widget-container\">\n\t\t\t\t\t\t\t\t\t<p align=\"center\"><span style=\"text-align: left;\">Uppf\u00e4lld till en hatt!<\/span><\/p><p align=\"center\" style=\"text-align: left;\"><span style=\"text-align: left;\">Vill man skapa en k\u00e4nsla av ett \u00f6ppet tak med gott om b\u00e5de plats och rymd i t\u00e4ltet s\u00e5 f\u00e4ller vi upp sidorna p\u00e5 t\u00e4ltet och skapar en hattliknande konstruktion. Ytan under tak \u00f6kas d\u00e5 upp till hela 135 kvm. T\u00e4ltet har vid denna konstruktion plats f\u00f6r ca 100-120 g\u00e4ster. <\/span>Passar \u00e4ven f\u00f6r utst\u00e4llningar, m\u00e4ssor, dansgolv, f\u00f6rel\u00e4sningssal mm.<o:p><\/o:p><\/p><p align=\"center\" style=\"text-align: left;\"><\/p>\t\t\t\t\t\t\t\t<\/div>\n\t\t\t\t<\/div>\n\t\t\t\t<div class=\"elementor-element elementor-element-97aff47 elementor-widget__width-inherit elementor-widget elementor-widget-image\" data-id=\"97aff47\" data-element_type=\"widget\" data-e-type=\"widget\" data-widget_type=\"image.default\">\n\t\t\t\t<div class=\"elementor-widget-container\">\n\t\t\t\t\t\t\t\t\t\t\t\t\t\t\t<img decoding=\"async\" width=\"1300\" height=\"921\" src=\"https:\/\/ravitut.se\/wp-content\/uploads\/2023\/03\/Stratuswallflex2-e1701028793802.jpg\" class=\"attachment-full size-full wp-image-1646\" alt=\"\" \/>\t\t\t\t\t\t\t\t\t\t\t\t\t\t\t<\/div>\n\t\t\t\t<\/div>\n\t\t\t\t\t<\/div>\n\t\t<\/div>\n\t\t\t\t\t<\/div>\n\t\t<\/section>\n\t\t\t\t<section class=\"elementor-section elementor-top-section elementor-element elementor-element-41b6a8e elementor-section-boxed elementor-section-height-default elementor-section-height-default\" data-id=\"41b6a8e\" data-element_type=\"section\" data-e-type=\"section\">\n\t\t\t\t\t\t<div class=\"elementor-container elementor-column-gap-default\">\n\t\t\t\t\t<div class=\"elementor-column elementor-col-100 elementor-top-column elementor-element elementor-element-bc28f69\" data-id=\"bc28f69\" data-element_type=\"column\" data-e-type=\"column\">\n\t\t\t<div class=\"elementor-widget-wrap\">\n\t\t\t\t\t\t\t<\/div>\n\t\t<\/div>\n\t\t\t\t\t<\/div>\n\t\t<\/section>\n\t\t\t\t<section class=\"elementor-section elementor-top-section elementor-element elementor-element-b65e5d0 elementor-section-boxed elementor-section-height-default elementor-section-height-default\" data-id=\"b65e5d0\" data-element_type=\"section\" data-e-type=\"section\" data-settings=\"{&quot;background_background&quot;:&quot;gradient&quot;}\">\n\t\t\t\t\t\t<div class=\"elementor-container elementor-column-gap-default\">\n\t\t\t\t\t<div class=\"elementor-column elementor-col-100 elementor-top-column elementor-element elementor-element-22eec9c\" data-id=\"22eec9c\" data-element_type=\"column\" data-e-type=\"column\">\n\t\t\t<div class=\"elementor-widget-wrap elementor-element-populated\">\n\t\t\t\t\t\t<div class=\"elementor-element elementor-element-98c0ad2 elementor-widget__width-inherit elementor-widget elementor-widget-text-editor\" data-id=\"98c0ad2\" data-element_type=\"widget\" data-e-type=\"widget\" data-widget_type=\"text-editor.default\">\n\t\t\t\t<div class=\"elementor-widget-container\">\n\t\t\t\t\t\t\t\t\t<p><span style=\"color: #000000;\">KONTAKTA OSS S\u00c5 BER\u00c4TTAR VI MER<br \/><\/span>INFO@RAVITUT.SE<\/p>\t\t\t\t\t\t\t\t<\/div>\n\t\t\t\t<\/div>\n\t\t\t\t\t<\/div>\n\t\t<\/div>\n\t\t\t\t\t<\/div>\n\t\t<\/section>\n\t\t\t\t<\/div>\n\t\t","protected":false},"excerpt":{"rendered":"<p>Hyr Tentipis eventt\u00e4ltk\u00e5tor fr\u00e5n oss! &#8221;Vi anlitade Ravitut i samband med v\u00e5r br\u00f6llopsfest hemma i v\u00e5r tr\u00e4dg\u00e5rd. T\u00e4ltet fungerade alldeles utm\u00e4rkt f\u00f6r b\u00e5de middag och dans, en riktig succ\u00e9! M\u00f6jligheten att kunna \u00f6ppna upp t\u00e4ltet ut mot tr\u00e4dg\u00e5rden f\u00f6r att sedan kunna st\u00e4nga det n\u00e4r kylan kom uppskattades verkligen. Kontakten [&hellip;]<\/p>\n","protected":false},"author":1,"featured_media":0,"parent":1447,"menu_order":0,"comment_status":"closed","ping_status":"closed","template":"page-templates\/template-pagebuilder-full-width.php","meta":{"footnotes":""},"class_list":["post-872","page","type-page","status-publish","hentry"],"_links":{"self":[{"href":"https:\/\/ravitut.se\/index.php\/wp-json\/wp\/v2\/pages\/872","targetHints":{"allow":["GET"]}}],"collection":[{"href":"https:\/\/ravitut.se\/index.php\/wp-json\/wp\/v2\/pages"}],"about":[{"href":"https:\/\/ravitut.se\/index.php\/wp-json\/wp\/v2\/types\/page"}],"author":[{"embeddable":true,"href":"https:\/\/ravitut.se\/index.php\/wp-json\/wp\/v2\/users\/1"}],"replies":[{"embeddable":true,"href":"https:\/\/ravitut.se\/index.php\/wp-json\/wp\/v2\/comments?post=872"}],"version-history":[{"count":109,"href":"https:\/\/ravitut.se\/index.php\/wp-json\/wp\/v2\/pages\/872\/revisions"}],"predecessor-version":[{"id":1710,"href":"https:\/\/ravitut.se\/index.php\/wp-json\/wp\/v2\/pages\/872\/revisions\/1710"}],"up":[{"embeddable":true,"href":"https:\/\/ravitut.se\/index.php\/wp-json\/wp\/v2\/pages\/1447"}],"wp:attachment":[{"href":"https:\/\/ravitut.se\/index.php\/wp-json\/wp\/v2\/media?parent=872"}],"curies":[{"name":"wp","href":"https:\/\/api.w.org\/{rel}","templated":true}]}}